{"id":2,"date":"2024-03-03T12:47:33","date_gmt":"2024-03-03T12:47:33","guid":{"rendered":"https:\/\/www.daparefamily.ch\/?page_id=2"},"modified":"2024-03-03T21:02:22","modified_gmt":"2024-03-03T21:02:22","slug":"sample-page","status":"publish","type":"page","link":"https:\/\/www.daparefamily.ch\/?page_id=2","title":{"rendered":"Notre famille"},"content":{"rendered":"\n<p>Ceci est un essai de site web. Il est a titre p\u00e9dagogique afin que je puisse me familiariser avec les technologies web. Je souhaite pouvoir toujours mieux ma\u00eetriser la cr\u00e9ation de contenu web.<\/p>\n\n\n\n<blockquote class=\"wp-block-quote is-layout-flow wp-block-quote-is-layout-flow\">\n<p>&#8220;Si vous trouvez que l&#8217;\u00e9ducation co\u00fbte cher, essayez l&#8217;ignorance.&#8221; &#8211; Abraham Lincoln<\/p>\n<\/blockquote>\n","protected":false},"excerpt":{"rendered":"<p>Ceci est un essai de site web. Il est a titre p\u00e9dagogique afin que je puisse me familiariser avec les technologies web. Je souhaite pouvoir toujours mieux ma\u00eetriser la cr\u00e9ation de contenu web. &#8220;Si vous trouvez que l&#8217;\u00e9ducation co\u00fbte cher, essayez l&#8217;ignorance.&#8221; &#8211; Abraham Lincoln<\/p>\n","protected":false},"author":1,"featured_media":0,"parent":0,"menu_order":0,"comment_status":"closed","ping_status":"open","template":"","meta":{"footnotes":""},"class_list":["post-2","page","type-page","status-publish","hentry"],"_links":{"self":[{"href":"https:\/\/www.daparefamily.ch\/index.php?rest_route=\/wp\/v2\/pages\/2","targetHints":{"allow":["GET"]}}],"collection":[{"href":"https:\/\/www.daparefamily.ch\/index.php?rest_route=\/wp\/v2\/pages"}],"about":[{"href":"https:\/\/www.daparefamily.ch\/index.php?rest_route=\/wp\/v2\/types\/page"}],"author":[{"embeddable":true,"href":"https:\/\/www.daparefamily.ch\/index.php?rest_route=\/wp\/v2\/users\/1"}],"replies":[{"embeddable":true,"href":"https:\/\/www.daparefamily.ch\/index.php?rest_route=%2Fwp%2Fv2%2Fcomments&post=2"}],"version-history":[{"count":3,"href":"https:\/\/www.daparefamily.ch\/index.php?rest_route=\/wp\/v2\/pages\/2\/revisions"}],"predecessor-version":[{"id":16,"href":"https:\/\/www.daparefamily.ch\/index.php?rest_route=\/wp\/v2\/pages\/2\/revisions\/16"}],"wp:attachment":[{"href":"https:\/\/www.daparefamily.ch\/index.php?rest_route=%2Fwp%2Fv2%2Fmedia&parent=2"}],"curies":[{"name":"wp","href":"https:\/\/api.w.org\/{rel}","templated":true}]}}